{"id":1227,"date":"2016-07-08T18:20:55","date_gmt":"2016-07-08T16:20:55","guid":{"rendered":"http:\/\/zagrean.designery-health.de\/impressum\/"},"modified":"2019-02-19T09:39:52","modified_gmt":"2019-02-19T08:39:52","slug":"impressum","status":"publish","type":"page","link":"https:\/\/www.ihr-kinderzahnarzt-muenchen.de\/en\/impressum\/","title":{"rendered":"Impressum"},"content":{"rendered":"<p><div class=\"fusion-fullwidth fullwidth-box fusion-builder-row-1 faded-background fusion-parallax-none hundred-percent-fullwidth non-hundred-percent-height-scrolling fusion-no-small-visibility fusion-no-medium-visibility\" style=\"background-position: center center;background-repeat: no-repeat;padding-top:250px;padding-right:0px;padding-bottom:250px;padding-left:0px;margin-bottom: 0px;border-width: 0px 0px 0px 0px;border-color:#eae9e9;border-style:solid;-webkit-background-size:cover;-moz-background-size:cover;-o-background-size:cover;background-size:cover;\" ><div class=\"fullwidth-faded\" style=\"background-color:rgba(255,255,255,0);background-image: url(https:\/\/www.ihr-kinderzahnarzt-muenchen.de\/wp-content\/uploads\/2018\/09\/Kinderzahnarzt-Haidhausen-Zagrean-3E1A1071-slider.jpg);background-position:center center;background-repeat:no-repeat;-webkit-background-size:cover;-moz-background-size:cover;-o-background-size:cover;background-size:cover;\" ><\/div><div class=\"fusion-builder-row fusion-row\"><\/div><\/div><div class=\"fusion-fullwidth fullwidth-box fusion-builder-row-2 hundred-percent-fullwidth non-hundred-percent-height-scrolling fusion-no-large-visibility\" style=\"background-color: rgba(255,255,255,0);background-position: center center;background-repeat: no-repeat;padding-top:0px;padding-right:0px;padding-bottom:0px;padding-left:0px;margin-bottom: 0px;border-width: 0px 0px 0px 0px;border-color:#eae9e9;border-style:solid;\" ><div class=\"fusion-builder-row fusion-row\"><div class=\"fusion-layout-column fusion_builder_column fusion-builder-column-0 fusion_builder_column_1_1 1_1 fusion-one-full fusion-column-first fusion-column-last\" style=\"margin-top:0px;margin-bottom:0px;\"><div class=\"fusion-column-wrapper fusion-flex-column-wrapper-legacy\" style=\"background-position:left top;background-repeat:no-repeat;-webkit-background-size:cover;-moz-background-size:cover;-o-background-size:cover;background-size:cover;padding: 0px 0px 0px 0px;\"><span class=\" fusion-imageframe imageframe-none imageframe-1 hover-type-none\"><img width=\"2000\" height=\"700\" alt=\"Kinderzahnarzt Haidhausen - Zagrean - Impressum\" title=\"Kinderzahnarzt-Haidhausen-Zagrean-3E1A1071-slider\" src=\"https:\/\/www.ihr-kinderzahnarzt-muenchen.de\/wp-content\/uploads\/2018\/09\/Kinderzahnarzt-Haidhausen-Zagrean-3E1A1071-slider.jpg\" class=\"img-responsive wp-image-1228\" srcset=\"https:\/\/www.ihr-kinderzahnarzt-muenchen.de\/wp-content\/uploads\/2018\/09\/Kinderzahnarzt-Haidhausen-Zagrean-3E1A1071-slider-200x70.jpg 200w, https:\/\/www.ihr-kinderzahnarzt-muenchen.de\/wp-content\/uploads\/2018\/09\/Kinderzahnarzt-Haidhausen-Zagrean-3E1A1071-slider-400x140.jpg 400w, https:\/\/www.ihr-kinderzahnarzt-muenchen.de\/wp-content\/uploads\/2018\/09\/Kinderzahnarzt-Haidhausen-Zagrean-3E1A1071-slider-600x210.jpg 600w, https:\/\/www.ihr-kinderzahnarzt-muenchen.de\/wp-content\/uploads\/2018\/09\/Kinderzahnarzt-Haidhausen-Zagrean-3E1A1071-slider-800x280.jpg 800w, https:\/\/www.ihr-kinderzahnarzt-muenchen.de\/wp-content\/uploads\/2018\/09\/Kinderzahnarzt-Haidhausen-Zagrean-3E1A1071-slider-1200x420.jpg 1200w, https:\/\/www.ihr-kinderzahnarzt-muenchen.de\/wp-content\/uploads\/2018\/09\/Kinderzahnarzt-Haidhausen-Zagrean-3E1A1071-slider.jpg 2000w\" sizes=\"(max-width: 800px) 100vw, 2000px\" \/><\/span><div class=\"fusion-clearfix\"><\/div><\/div><\/div><\/div><\/div><div class=\"fusion-fullwidth fullwidth-box fusion-builder-row-3 nonhundred-percent-fullwidth non-hundred-percent-height-scrolling\" style=\"background-color: rgba(255,255,255,0);background-position: left top;background-repeat: no-repeat;padding-top:4%;padding-right:0px;padding-bottom:1%;padding-left:0px;margin-bottom: 0px;margin-top: 0px;border-width: 0px 0px 0px 0px;border-color:#eae9e9;border-style:solid;\" ><div class=\"fusion-builder-row fusion-row\"><div class=\"fusion-layout-column fusion_builder_column fusion-builder-column-1 fusion_builder_column_1_1 1_1 fusion-one-full fusion-column-first fusion-column-last\" style=\"margin-top:0px;margin-bottom:20px;\"><div class=\"fusion-column-wrapper fusion-flex-column-wrapper-legacy\" style=\"background-position:left top;background-repeat:no-repeat;-webkit-background-size:cover;-moz-background-size:cover;-o-background-size:cover;background-size:cover;padding: 0px 0px 0px 0px;\"><style type=\"text\/css\"><\/style><div class=\"fusion-title title fusion-title-1 fusion-sep-none fusion-title-center fusion-title-text fusion-title-size-one\" style=\"margin-top:0px;margin-right:0px;margin-bottom:0px;margin-left:0px;\"><h1 class=\"title-heading-center fusion-responsive-typography-calculated\" style=\"margin:0;--fontSize:32;line-height:1.5;\">Imprint<\/h1><\/div><style type=\"text\/css\"><\/style><div class=\"fusion-title title fusion-title-2 fusion-sep-none fusion-title-center fusion-title-text fusion-title-size-two\" style=\"margin-top:0px;margin-right:0px;margin-bottom:20px;margin-left:0px;\"><h2 class=\"title-heading-center fusion-responsive-typography-calculated\" style=\"margin:0;--fontSize:32;line-height:1.5;\">Pediatric Dental Office Haidhausen<\/h2><\/div><div class=\"fusion-clearfix\"><\/div><\/div><\/div><div class=\"fusion-layout-column fusion_builder_column fusion-builder-column-2 fusion_builder_column_1_2 1_2 fusion-one-half fusion-column-first\" style=\"width:50%;width:calc(50% - ( ( 4% ) * 0.5 ) );margin-right: 4%;margin-top:0px;margin-bottom:20px;\"><div class=\"fusion-column-wrapper fusion-flex-column-wrapper-legacy\" style=\"background-position:left top;background-repeat:no-repeat;-webkit-background-size:cover;-moz-background-size:cover;-o-background-size:cover;background-size:cover;padding: 0px 0px 0px 0px;\"><div class=\"fusion-text fusion-text-1\"><p><strong>Inhaber der Domain und inhaltlich verantwortlich:<\/strong><br \/>\nDr. med. dent. \/ MBA Beatris Zagrean<\/p>\n<p>Max-Planck-Str. 3<br \/>\n81675 M\u00fcnchen<\/p>\n<p>Telefon:\u00a0<a href=\"tel:08944760544\">089 \/ 44 760 544<\/a><br \/>\nTelefax: 089 \/ 44 760 576<br \/>\nE-Mail:\u00a0<a href=\"mailto:info@ihr-kinderzahnarzt-muenchen.de\">info@ihr-kinderzahnarzt-muenchen.de<\/a><\/p>\n<p><strong>Berufsbezeichnung:<\/strong><br \/>\nZahn\u00e4rztin<\/p>\n<p><strong>Verliehen in:<\/strong><br \/>\nBundesrepublik Deutschland<\/p>\n<\/div><div class=\"fusion-clearfix\"><\/div><\/div><\/div><div class=\"fusion-layout-column fusion_builder_column fusion-builder-column-3 fusion_builder_column_1_2 1_2 fusion-one-half fusion-column-last\" style=\"width:50%;width:calc(50% - ( ( 4% ) * 0.5 ) );margin-top:0px;margin-bottom:20px;\"><div class=\"fusion-column-wrapper fusion-flex-column-wrapper-legacy\" style=\"background-position:left top;background-repeat:no-repeat;-webkit-background-size:cover;-moz-background-size:cover;-o-background-size:cover;background-size:cover;padding: 0px 0px 0px 0px;\"><div class=\"fusion-text fusion-text-2\"><p><strong>Zust\u00e4ndige Aufsichtsbeh\u00f6rde:<\/strong><br \/>\nKassenzahn\u00e4rztliche Vereinigung Bayern<br \/>\nFallstr. 34<br \/>\n81369 M\u00fcnchen<br \/>\n<a href=\"http:\/\/www.kzvb.de\" target=\"_blank\" rel=\"noopener\">www.kzvb.de<\/a><\/p>\n<p><strong>Zust\u00e4ndige Kammer:<\/strong><br \/>\nBayerische Landeszahn\u00e4rztekammer<br \/>\nFl\u00f6\u00dfergasse 1<br \/>\n81369 M\u00fcnchen<br \/>\n<a href=\"http:\/\/www.blzk.de\" target=\"_blank\" rel=\"noopener\">www.blzk.de<\/a><\/p>\n<p><strong>Berufsrechtliche Regelungen:<\/strong><br \/>\n<a href=\"https:\/\/www.blzk.de\/blzk\/site.nsf\/id\/pa_berufsrechtliche_regelungen.html\" target=\"_blank\" rel=\"noopener\">Berufsrechtliche Regelungen<\/a><br \/>\n<a href=\"https:\/\/www.blzk.de\/blzk\/site.nsf\/gfx\/berufsordnung.pdf\/$file\/berufsordnung.pdf\" target=\"_blank\" rel=\"noopener\">Berufsordnung f\u00fcr die Bayerischen Zahn\u00e4rzte<\/a><br \/>\n<a href=\"http:\/\/www.gesetze-im-internet.de\/goz_1987\/BJNR023160987.html\" target=\"_blank\" rel=\"noopener\">Geb\u00fchrenordnung f\u00fcr Zahn\u00e4rzte (GOZ)<\/a><br \/>\n<a href=\"http:\/\/www.gesetze-bayern.de\/Content\/Document\/BayHKaG\" target=\"_blank\" rel=\"noopener\">Heilberufe-Kammergesetz<\/a><br \/>\n<a href=\"http:\/\/www.gesetze-im-internet.de\/zhg\/\" target=\"_blank\" rel=\"noopener\">Zahnheilkundegesetz<\/a><br \/>\nAlternativ k\u00f6nnen Sie die berufsrechtlichen Regelungen bei uns in der Praxis einsehen.<\/p>\n<\/div><div class=\"fusion-clearfix\"><\/div><\/div><\/div><div class=\"fusion-layout-column fusion_builder_column fusion-builder-column-4 fusion_builder_column_1_1 1_1 fusion-one-full fusion-column-first fusion-column-last\" style=\"margin-top:0px;margin-bottom:20px;\"><div class=\"fusion-column-wrapper fusion-flex-column-wrapper-legacy\" style=\"background-position:left top;background-repeat:no-repeat;-webkit-background-size:cover;-moz-background-size:cover;-o-background-size:cover;background-size:cover;padding: 0px 0px 0px 0px;\"><div class=\"fusion-text fusion-text-3\"><p><strong>\u00a7 36 VBSG:<\/strong><br \/>\nWir nehmen nicht an einem Streitbeilegungsverfahren vor einer Verbraucherschlichtungsstelle teil.<\/p>\n<\/div><div class=\"fusion-clearfix\"><\/div><\/div><\/div><div class=\"fusion-layout-column fusion_builder_column fusion-builder-column-5 fusion_builder_column_1_1 1_1 fusion-one-full fusion-column-first fusion-column-last fusion-column-inner-bg-wrapper\" style=\"margin-top:0px;margin-bottom:20px;\"><div class=\"fusion-column-wrapper fusion-flex-column-wrapper-legacy\" style=\"padding: 0px 0px 0px 0px;\"><style type=\"text\/css\"><\/style><div class=\"fusion-title title fusion-title-3 fusion-sep-none fusion-title-text fusion-title-size-three yamera-title\" style=\"margin-top:0px;margin-right:0px;margin-bottom:0px;margin-left:0px;\"><h3 class=\"title-heading-left fusion-responsive-typography-calculated\" style=\"margin:0;--fontSize:24;line-height:1.5;\"><strong>Gestaltung:<\/strong><\/h3><\/div><div class=\"fusion-text fusion-text-4\"><p>Designery Health<br \/>\nAgentur f\u00fcr Praxismarketing<\/p>\n<\/div><span class=\" fusion-imageframe imageframe-none imageframe-2 hover-type-none\" style=\"margin-right:25px;float:left;max-width:200px;\"><img width=\"283\" height=\"61\" alt=\"Designery-Praxismarketing-Logo\" title=\"Designery-Praxismarketing-Logo\" src=\"https:\/\/www.ihr-kinderzahnarzt-muenchen.de\/wp-content\/uploads\/2017\/12\/Designery-Praxismarketing-Logo.jpg\" class=\"img-responsive wp-image-648\" srcset=\"https:\/\/www.ihr-kinderzahnarzt-muenchen.de\/wp-content\/uploads\/2017\/12\/Designery-Praxismarketing-Logo-200x43.jpg 200w, https:\/\/www.ihr-kinderzahnarzt-muenchen.de\/wp-content\/uploads\/2017\/12\/Designery-Praxismarketing-Logo.jpg 283w\" sizes=\"(max-width: 800px) 100vw, 283px\" \/><\/span><div class=\"fusion-clearfix\"><\/div><\/div><span class=\"fusion-column-inner-bg hover-type-none\"><a class=\"fusion-column-anchor\" href=\"https:\/\/www.designery-health.de\/\"><span class=\"fusion-column-inner-bg-image\" style=\"background-position:left top;background-repeat:no-repeat;-webkit-background-size:cover;-moz-background-size:cover;-o-background-size:cover;background-size:cover;\"><\/span><\/a><\/span><\/div><\/div><\/div><\/p>\n","protected":false},"excerpt":{"rendered":"","protected":false},"author":1,"featured_media":0,"parent":0,"menu_order":0,"comment_status":"closed","ping_status":"closed","template":"100-width.php","meta":[],"yoast_head":"<!-- This site is optimized with the Yoast SEO plugin v18.1 - https:\/\/yoast.com\/wordpress\/plugins\/seo\/ -->\n<title>Impressum - Kinderzahnarzt Haidhausen - Zagrean<\/title>\n<meta name=\"description\" content=\"Kinderzahnarzt Haidhausen am Max-Weber-Platz - unser Impressum. Mehr \u00fcber Dr. med. dent. Beatris Zagrean \/ MBA erfahren Sie auf unseren Seiten.\" \/>\n<meta name=\"robots\" content=\"index, follow, max-snippet:-1, max-image-preview:large, max-video-preview:-1\" \/>\n<link rel=\"canonical\" href=\"https:\/\/www.ihr-kinderzahnarzt-muenchen.de\/en\/impressum\/\" \/>\n<meta property=\"og:locale\" content=\"en_US\" \/>\n<meta property=\"og:type\" content=\"article\" \/>\n<meta property=\"og:title\" content=\"Impressum - Kinderzahnarzt Haidhausen - Zagrean\" \/>\n<meta property=\"og:description\" content=\"Kinderzahnarzt Haidhausen am Max-Weber-Platz - unser Impressum. Mehr \u00fcber Dr. med. dent. Beatris Zagrean \/ MBA erfahren Sie auf unseren Seiten.\" \/>\n<meta property=\"og:url\" content=\"https:\/\/www.ihr-kinderzahnarzt-muenchen.de\/en\/impressum\/\" \/>\n<meta property=\"og:site_name\" content=\"Zagrean\" \/>\n<meta property=\"article:modified_time\" content=\"2019-02-19T08:39:52+00:00\" \/>\n<meta name=\"twitter:card\" content=\"summary\" \/>\n<meta name=\"twitter:label1\" content=\"Est. reading time\" \/>\n\t<meta name=\"twitter:data1\" content=\"6 minutes\" \/>\n<script type=\"application\/ld+json\" class=\"yoast-schema-graph\">{\"@context\":\"https:\/\/schema.org\",\"@graph\":[{\"@type\":\"WebSite\",\"@id\":\"https:\/\/www.ihr-kinderzahnarzt-muenchen.de\/#website\",\"url\":\"https:\/\/www.ihr-kinderzahnarzt-muenchen.de\/\",\"name\":\"Zagrean\",\"description\":\"\",\"potentialAction\":[{\"@type\":\"SearchAction\",\"target\":{\"@type\":\"EntryPoint\",\"urlTemplate\":\"https:\/\/www.ihr-kinderzahnarzt-muenchen.de\/?s={search_term_string}\"},\"query-input\":\"required name=search_term_string\"}],\"inLanguage\":\"en-US\"},{\"@type\":\"WebPage\",\"@id\":\"https:\/\/www.ihr-kinderzahnarzt-muenchen.de\/en\/impressum\/#webpage\",\"url\":\"https:\/\/www.ihr-kinderzahnarzt-muenchen.de\/en\/impressum\/\",\"name\":\"Impressum - Kinderzahnarzt Haidhausen - Zagrean\",\"isPartOf\":{\"@id\":\"https:\/\/www.ihr-kinderzahnarzt-muenchen.de\/#website\"},\"datePublished\":\"2016-07-08T16:20:55+00:00\",\"dateModified\":\"2019-02-19T08:39:52+00:00\",\"description\":\"Kinderzahnarzt Haidhausen am Max-Weber-Platz - unser Impressum. Mehr \u00fcber Dr. med. dent. Beatris Zagrean \/ MBA erfahren Sie auf unseren Seiten.\",\"breadcrumb\":{\"@id\":\"https:\/\/www.ihr-kinderzahnarzt-muenchen.de\/en\/impressum\/#breadcrumb\"},\"inLanguage\":\"en-US\",\"potentialAction\":[{\"@type\":\"ReadAction\",\"target\":[\"https:\/\/www.ihr-kinderzahnarzt-muenchen.de\/en\/impressum\/\"]}]},{\"@type\":\"BreadcrumbList\",\"@id\":\"https:\/\/www.ihr-kinderzahnarzt-muenchen.de\/en\/impressum\/#breadcrumb\",\"itemListElement\":[{\"@type\":\"ListItem\",\"position\":1,\"name\":\"Home\",\"item\":\"https:\/\/www.ihr-kinderzahnarzt-muenchen.de\/en\/\"},{\"@type\":\"ListItem\",\"position\":2,\"name\":\"Impressum\"}]}]}<\/script>\n<!-- \/ Yoast SEO plugin. -->","yoast_head_json":{"title":"Impressum - Kinderzahnarzt Haidhausen - Zagrean","description":"Kinderzahnarzt Haidhausen am Max-Weber-Platz - unser Impressum. Mehr \u00fcber Dr. med. dent. Beatris Zagrean \/ MBA erfahren Sie auf unseren Seiten.","robots":{"index":"index","follow":"follow","max-snippet":"max-snippet:-1","max-image-preview":"max-image-preview:large","max-video-preview":"max-video-preview:-1"},"canonical":"https:\/\/www.ihr-kinderzahnarzt-muenchen.de\/en\/impressum\/","og_locale":"en_US","og_type":"article","og_title":"Impressum - Kinderzahnarzt Haidhausen - Zagrean","og_description":"Kinderzahnarzt Haidhausen am Max-Weber-Platz - unser Impressum. Mehr \u00fcber Dr. med. dent. Beatris Zagrean \/ MBA erfahren Sie auf unseren Seiten.","og_url":"https:\/\/www.ihr-kinderzahnarzt-muenchen.de\/en\/impressum\/","og_site_name":"Zagrean","article_modified_time":"2019-02-19T08:39:52+00:00","twitter_card":"summary","twitter_misc":{"Est. reading time":"6 minutes"},"schema":{"@context":"https:\/\/schema.org","@graph":[{"@type":"WebSite","@id":"https:\/\/www.ihr-kinderzahnarzt-muenchen.de\/#website","url":"https:\/\/www.ihr-kinderzahnarzt-muenchen.de\/","name":"Zagrean","description":"","potentialAction":[{"@type":"SearchAction","target":{"@type":"EntryPoint","urlTemplate":"https:\/\/www.ihr-kinderzahnarzt-muenchen.de\/?s={search_term_string}"},"query-input":"required name=search_term_string"}],"inLanguage":"en-US"},{"@type":"WebPage","@id":"https:\/\/www.ihr-kinderzahnarzt-muenchen.de\/en\/impressum\/#webpage","url":"https:\/\/www.ihr-kinderzahnarzt-muenchen.de\/en\/impressum\/","name":"Impressum - Kinderzahnarzt Haidhausen - Zagrean","isPartOf":{"@id":"https:\/\/www.ihr-kinderzahnarzt-muenchen.de\/#website"},"datePublished":"2016-07-08T16:20:55+00:00","dateModified":"2019-02-19T08:39:52+00:00","description":"Kinderzahnarzt Haidhausen am Max-Weber-Platz - unser Impressum. Mehr \u00fcber Dr. med. dent. Beatris Zagrean \/ MBA erfahren Sie auf unseren Seiten.","breadcrumb":{"@id":"https:\/\/www.ihr-kinderzahnarzt-muenchen.de\/en\/impressum\/#breadcrumb"},"inLanguage":"en-US","potentialAction":[{"@type":"ReadAction","target":["https:\/\/www.ihr-kinderzahnarzt-muenchen.de\/en\/impressum\/"]}]},{"@type":"BreadcrumbList","@id":"https:\/\/www.ihr-kinderzahnarzt-muenchen.de\/en\/impressum\/#breadcrumb","itemListElement":[{"@type":"ListItem","position":1,"name":"Home","item":"https:\/\/www.ihr-kinderzahnarzt-muenchen.de\/en\/"},{"@type":"ListItem","position":2,"name":"Impressum"}]}]}},"_links":{"self":[{"href":"https:\/\/www.ihr-kinderzahnarzt-muenchen.de\/en\/wp-json\/wp\/v2\/pages\/1227"}],"collection":[{"href":"https:\/\/www.ihr-kinderzahnarzt-muenchen.de\/en\/wp-json\/wp\/v2\/pages"}],"about":[{"href":"https:\/\/www.ihr-kinderzahnarzt-muenchen.de\/en\/wp-json\/wp\/v2\/types\/page"}],"author":[{"embeddable":true,"href":"https:\/\/www.ihr-kinderzahnarzt-muenchen.de\/en\/wp-json\/wp\/v2\/users\/1"}],"replies":[{"embeddable":true,"href":"https:\/\/www.ihr-kinderzahnarzt-muenchen.de\/en\/wp-json\/wp\/v2\/comments?post=1227"}],"version-history":[{"count":1,"href":"https:\/\/www.ihr-kinderzahnarzt-muenchen.de\/en\/wp-json\/wp\/v2\/pages\/1227\/revisions"}],"predecessor-version":[{"id":1229,"href":"https:\/\/www.ihr-kinderzahnarzt-muenchen.de\/en\/wp-json\/wp\/v2\/pages\/1227\/revisions\/1229"}],"wp:attachment":[{"href":"https:\/\/www.ihr-kinderzahnarzt-muenchen.de\/en\/wp-json\/wp\/v2\/media?parent=1227"}],"curies":[{"name":"wp","href":"https:\/\/api.w.org\/{rel}","templated":true}]}}